{"id":18,"date":"2021-09-25T10:43:16","date_gmt":"2021-09-25T10:43:16","guid":{"rendered":"https:\/\/ctccongress.org\/?page_id=18"},"modified":"2021-09-28T09:03:37","modified_gmt":"2021-09-28T09:03:37","slug":"committee","status":"publish","type":"page","link":"http:\/\/ctccongress.org\/?page_id=18","title":{"rendered":"Boards"},"content":{"rendered":"\n<h3><strong>Communication and Technology Congress<\/strong><\/h3>\n\n\n\n<p><strong>CHAIRMAN OF THE CONGRESS ORGANIZATION COMMITTEE<\/strong><\/p>\n\n\n\n<p>Prof.Dr. H\u00fclya YENG\u0130N, \u0130stanbul Ayd\u0131n University, Turkey<\/p>\n\n\n\n<p><strong>&nbsp;GENERAL COORDINATORS OF THE CONGRESS ORGANIZATION COMMITTEE<\/strong><\/p>\n\n\n\n<p>Prof.Dr. Deniz Yengin, \u0130stanbul Ayd\u0131n University, Turkey<\/p>\n\n\n\n<p>Assist.Prof.Dr. Deniz Akbulut, \u0130stanbul Ayd\u0131n University, Turkey<\/p>\n\n\n\n<p>Assist. Prof. Dr. Gonca Y\u0131ld\u0131r\u0131m, \u0130stanbul Ayd\u0131n University, Turkey<\/p>\n\n\n\n<p>Assist. Prof. Dr. Ay\u015feg\u00fcl Akayd\u0131n, \u0130stanbul Ayd\u0131n University, Turkey<\/p>\n\n\n\n<p>Assist. Prof. Dr. Tamer Bayrak, \u0130stanbul Ayd\u0131n University, Turkey<\/p>\n\n\n\n<p>Assist. Prof. Dr. Nur Emine Ko\u00e7, \u0130stanbul Ayd\u0131n University, Turkey<\/p>\n\n\n\n<p><strong>SCIENTIFIC COMMITTEE<\/strong><\/p>\n\n\n\n<p>Prof.Dr. Cem S\u00fct\u00e7\u00fc, Marmara University, Turkey<\/p>\n\n\n\n<p>Prof.Dr. Douglas Kellner, UCLA University, U.S.A<\/p>\n\n\n\n<p>Prof.Dr. H.Hale K\u00fcn\u00fc\u00e7en, Ba\u015fkent University, Turkey<\/p>\n\n\n\n<p>Prof. Dr. Hasan Akbulut, \u0130stanbul University, Turkey<\/p>\n\n\n\n<p>Prof. Dr. \u015e\u00fckr\u00fc Sim, \u0130stanbul University, Turkey<\/p>\n\n\n\n<p>Prof.Dr. Haluk G\u00fcrgen, Bah\u00e7e\u015fehir University, Turkey<\/p>\n\n\n\n<p>Prof.Dr. H\u00fclya Yengin, \u0130stanbul Ayd\u0131n University, Turkey<\/p>\n\n\n\n<p>Prof.Dr. Judith K. Litterst, St. Cloud State University, U.S.A.<\/p>\n\n\n\n<p>Prof.Dr. Korkmaz Alemdar, At\u0131l\u0131m University, Turkey<\/p>\n\n\n\n<p>Prof.Dr. Maxwell E. McCombs, University of Texas, U.S.A.<\/p>\n\n\n\n<p>Prof.Dr. Nazife G\u00fcng\u00f6r, \u00dcsk\u00fcdar University, Turkey<\/p>\n\n\n\n<p>Prof.Dr. \u00dcmit Atabek, Ya\u015far University, Turkey<\/p>\n\n\n\n<p>Prof. Dr. Ne\u015fe Kars, \u0130stanbul University, Turkey<\/p>\n\n\n\n<p>Prof.Dr. Zafer Ert\u00fcrk, Maltepe University, Turkey<\/p>\n\n\n\n<p>Prof.Dr. \u00d6zer Kanburo\u011flu, \u0130stanbul Ayd\u0131n University, Turkey<\/p>\n\n\n\n<p>Prof.Dr. Mehmet \u00dcst\u00fcnipek, \u0130stanbul K\u00fclt\u00fcr University, Turkey<\/p>\n\n\n\n<p>Prof. Dr. Nil\u00fcfer Timisi, \u0130stanbul University, Turkey<\/p>\n\n\n\n<p>Prof.Dr. Banu Manav, Kadir Has University, Turkey<\/p>\n\n\n\n<p>Prof. Dr. Aysel Aziz, \u0130stanbul Yeni Y\u00fczy\u0131l University, Turkey<\/p>\n\n\n\n<p>Prof. Dr. G\u00fcven B\u00fcy\u00fckbaykal, \u0130stanbul University, Turkey<\/p>\n\n\n\n<p>Prof. Dr. Re\u015fat Ba\u015far \u0130stanbul Ayd\u0131n University, Turkey<\/p>\n\n\n\n<p>Prof. Dr. Okan Ormanl\u0131, \u0130stanbul Ayd\u0131n University, Turkey<\/p>\n\n\n\n<p>Assoc. Prof. Dr. \u00c7i\u011fdem Aytekin, \u0130stanbul University, Turkey<\/p>\n\n\n\n<p>Assoc. Prof. Dr. And Alg\u00fcl, \u0130stanbul Ayd\u0131n University, Turkey<\/p>\n\n\n\n<p>Assist.Prof. Dr. G\u00f6kmen Hakan Karada\u011f, \u0130stanbul Ayd\u0131n University, Turkey<\/p>\n\n\n\n<p>Assist. Prof. Dr. Serdar Kuzey Y\u0131ld\u0131z, \u0130stanbul Ayd\u0131n University, Turkey<\/p>\n\n\n\n<p>Assist. Prof. Dr. Deniz Akbulut, \u0130stanbul Ayd\u0131n University, Turkey<\/p>\n\n\n\n<p>Assist. Prof. Dr. Tu\u011f\u00e7e \u00c7evik, \u0130stanbul Ayd\u0131nUniversity, Turkey<\/p>\n\n\n\n<p>Assist. Prof. Dr. Gonca Y\u0131ld\u0131r\u0131m, \u0130stanbul Ayd\u0131n University, Turkey<\/p>\n\n\n\n<p>Assist. Prof. Dr. M\u00fcge \u00d6ztun\u00e7, \u0130stanbul Ayd\u0131n University, Turkey<\/p>\n\n\n\n<p>Assist. Prof. Dr. Ayten \u00d6v\u00fcr, \u0130stanbul Ayd\u0131n University, Turkey<\/p>\n\n\n\n<p>Assist. Prof. Dr. Umur Bedir, \u0130stanbul Ayd\u0131n University, Turkey<\/p>\n\n\n\n<p>Assist. Prof. Dr. Selin Kiraz Demir, \u0130stanbul Ayd\u0131n University, Turkey<\/p>\n\n\n\n<p>Assist. Prof. Dr. Tamer Bayrak, \u0130stanbul Ayd\u0131n University, Turkey<\/p>\n\n\n\n<p>Assist. Prof. Dr. Nur Emine Ko\u00e7, \u0130stanbul Ayd\u0131n University, Turkey<\/p>\n\n\n\n<p><strong>LOCAL ORGANIZATION COMMITTEE<\/strong><\/p>\n\n\n\n<p>Assist.Prof.Dr. Ay\u015feg\u00fcl Akayd\u0131n, \u0130stanbul Ayd\u0131n University, Turkey<\/p>\n\n\n\n<p>Assist.Prof.Dr. Fatma Nazl\u0131 K\u00f6ksal, \u0130stanbul Ayd\u0131n University, Turkey<\/p>\n\n\n\n<p>Assist.Prof.Dr. Tamer Bayrak, \u0130stanbul Ayd\u0131n University, Turkey<\/p>\n\n\n\n<p>Assist. Prof.Dr. Serdar Kuzey Y\u0131ld\u0131z, \u0130stanbul Ayd\u0131n University, Turkey<\/p>\n\n\n\n<p>Assist. Prof.Dr. Nur Emine Ko\u00e7, \u0130stanbul Ayd\u0131n University, Turkey<\/p>\n\n\n\n<p>Res. Assist. Serta\u00e7 Kaya, \u0130stanbul Ayd\u0131n University, Turkey<\/p>\n\n\n\n<p>Res. Assist. Hatice \u00d6ks\u00fcz, \u0130stanbul Ayd\u0131n University, Turkey<\/p>\n\n\n\n<p>Elif Tuba Tezcan, \u0130stanbul Ayd\u0131n University, Turkey<\/p>\n","protected":false},"excerpt":{"rendered":"<p>Communication and Technology Congress CHAIRMAN OF THE CONGRESS ORGANIZATION COMMITTEE Prof.Dr. H\u00fclya YENG\u0130N, \u0130stanbul Ayd\u0131n [&hellip;]<\/p>\n","protected":false},"author":1,"featured_media":0,"parent":0,"menu_order":0,"comment_status":"closed","ping_status":"closed","template":"","meta":[],"_links":{"self":[{"href":"http:\/\/ctccongress.org\/index.php?rest_route=\/wp\/v2\/pages\/18"}],"collection":[{"href":"http:\/\/ctccongress.org\/index.php?rest_route=\/wp\/v2\/pages"}],"about":[{"href":"http:\/\/ctccongress.org\/index.php?rest_route=\/wp\/v2\/types\/page"}],"author":[{"embeddable":true,"href":"http:\/\/ctccongress.org\/index.php?rest_route=\/wp\/v2\/users\/1"}],"replies":[{"embeddable":true,"href":"http:\/\/ctccongress.org\/index.php?rest_route=%2Fwp%2Fv2%2Fcomments&post=18"}],"version-history":[{"count":4,"href":"http:\/\/ctccongress.org\/index.php?rest_route=\/wp\/v2\/pages\/18\/revisions"}],"predecessor-version":[{"id":125,"href":"http:\/\/ctccongress.org\/index.php?rest_route=\/wp\/v2\/pages\/18\/revisions\/125"}],"wp:attachment":[{"href":"http:\/\/ctccongress.org\/index.php?rest_route=%2Fwp%2Fv2%2Fmedia&parent=18"}],"curies":[{"name":"wp","href":"https:\/\/api.w.org\/{rel}","templated":true}]}}