{"id":53,"date":"2021-09-27T04:49:19","date_gmt":"2021-09-27T04:49:19","guid":{"rendered":"https:\/\/ctccongress.org\/?page_id=53"},"modified":"2021-09-28T08:44:42","modified_gmt":"2021-09-28T08:44:42","slug":"papers-2019","status":"publish","type":"page","link":"http:\/\/ctccongress.org\/?page_id=53","title":{"rendered":"Papers 2019"},"content":{"rendered":"\n<p><strong>CONTENTS<\/strong><\/p>\n\n\n\n<p><strong>Communication and Technology Congress<\/strong><\/p>\n\n\n\n<p>(10.7456\/ctc_2019)<\/p>\n\n\n\n<p><a href=\"http:\/\/vrlab.aydin.edu.tr\/wp-content\/uploads\/2019\/12\/CTC2019.pdf\">CTC2019<\/a><\/p>\n\n\n\n<p><strong>PREFACE<\/strong><\/p>\n\n\n\n<p><em>Assoc. Prof. Dr. Deniz YENG\u0130N &nbsp;&nbsp;&nbsp;&nbsp;&nbsp;<\/em><\/p>\n\n\n\n<p><a href=\"http:\/\/vrlab.aydin.edu.tr\/wp-content\/uploads\/2019\/12\/PREFACE.pdf\">PDF<\/a><\/p>\n\n\n\n<p><strong>A STUDY OF GENERATION Z VIEWING HABITS IN CONTEXT OF USES AND GRATIFICATION THEORY: THE PROTECTOR NETFLIX SERIES CASE<\/strong><\/p>\n\n\n\n<p><em>Adem AYTEN, Sema BULAT, Elif \u0130NCE\u0130SMA\u0130L&nbsp;&nbsp;&nbsp;&nbsp;&nbsp;&nbsp;&nbsp;&nbsp;&nbsp;&nbsp;&nbsp;&nbsp;&nbsp;&nbsp;&nbsp;&nbsp;&nbsp;&nbsp;&nbsp;&nbsp;&nbsp;&nbsp;&nbsp;&nbsp;<\/em><\/p>\n\n\n\n<p><a href=\"http:\/\/vrlab.aydin.edu.tr\/wp-content\/uploads\/2019\/12\/C4172-1.pdf\">PDF<\/a><\/p>\n\n\n\n<p><strong>YOUTUBE MOTIVATIONS OF UNIVERSITY STUDENTS IN THE CONTEXT OF USES AND GRATIFICATIONS APPROACH<\/strong><\/p>\n\n\n\n<p><em>Aysun K\u00d6KTENER, And ALG\u00dcL&nbsp;&nbsp;<\/em><\/p>\n\n\n\n<p><a href=\"http:\/\/vrlab.aydin.edu.tr\/wp-content\/uploads\/2019\/12\/C4172-2.pdf\">PDF<\/a><\/p>\n\n\n\n<p><strong>ANALYSIS OF GAME OF THRONES SERIES FROM FREUDIAN PERSPECTIVE<\/strong><\/p>\n\n\n\n<p><em>Ayten \u00d6V\u00dcR<\/em><\/p>\n\n\n\n<p><a href=\"http:\/\/vrlab.aydin.edu.tr\/wp-content\/uploads\/2019\/12\/C4172-3.pdf\">PDF<\/a><\/p>\n\n\n\n<p><strong>INTERPRETING GAMIFICATION VIA GAME ELEMENTS: BLACK MIRROR<\/strong><\/p>\n\n\n\n<p><em>Berkan BAYINDIR, G\u00f6kmen H. KARADA\u011e<\/em><\/p>\n\n\n\n<p><a href=\"http:\/\/vrlab.aydin.edu.tr\/wp-content\/uploads\/2019\/12\/C4172-4.pdf\">PDF<\/a><\/p>\n\n\n\n<p><strong>AN EXAMPLE OF PRAGMATIC ANALYSIS IN NATURAL LANGUAGE PROCESSING: SENTIMENTAL ANALYSIS OF MOVIE REVIEWS<\/strong><\/p>\n\n\n\n<p><em>Cem Sefa S\u00dcT\u00c7\u00dc, \u00c7i\u011fdem AYTEK\u0130N<\/em><\/p>\n\n\n\n<p><a href=\"http:\/\/vrlab.aydin.edu.tr\/wp-content\/uploads\/2019\/12\/C4172-5.pdf\">PDF<\/a><\/p>\n\n\n\n<p><strong>ROLE OF CREDIBILITY OF PHENOMENA IN ATTITUDE TOWARD ADVERTISING<\/strong><\/p>\n\n\n\n<p><em>Ceyda DENE\u00c7L\u0130, Sevda DENE\u00c7L\u0130<\/em><\/p>\n\n\n\n<p><a href=\"http:\/\/vrlab.aydin.edu.tr\/wp-content\/uploads\/2019\/12\/C4172-6.pdf\">PDF<\/a><\/p>\n\n\n\n<p><strong>REFLECTIONS OF DIGITALIZATION ON PAINTING<\/strong><\/p>\n\n\n\n<p><em>Derya AYDO\u011eAN<\/em><\/p>\n\n\n\n<p><a href=\"http:\/\/vrlab.aydin.edu.tr\/wp-content\/uploads\/2019\/12\/C4172-7.pdf\">PDF<\/a><\/p>\n\n\n\n<p><strong>ONLINE CULTURAL TRANSMISSION: A MEMETIC APPROACH TO THE CASE OF TOMBILI THE CAT<\/strong><\/p>\n\n\n\n<p><em>Dilara TEKR\u0130N<\/em><\/p>\n\n\n\n<p><a href=\"http:\/\/vrlab.aydin.edu.tr\/wp-content\/uploads\/2019\/12\/C4172-8.pdf\">PDF<\/a><\/p>\n\n\n\n<p><strong>AN EVALUATION ON FORMS OF MOVIE WATCHING AND INTERACTIVE CINEMA IN DIGITAL AGE: BANDERSNATCH MOVIE<\/strong><\/p>\n\n\n\n<p><em>Engin BA\u015eCI, Orhan TANAKINCI<\/em><\/p>\n\n\n\n<p><a href=\"http:\/\/vrlab.aydin.edu.tr\/wp-content\/uploads\/2019\/12\/C4172-9.pdf\">PDF<\/a><\/p>\n\n\n\n<p><strong>THE USAGE OF GREEN GAMIFICATION FOR PUBLIC INTEREST FUNCTION OF PUBLIC RELATIONS<\/strong><\/p>\n\n\n\n<p><em>Deniz AKBULUT<\/em>,&nbsp;<em>Gonca YILDIRIM<\/em><\/p>\n\n\n\n<p><a href=\"http:\/\/vrlab.aydin.edu.tr\/wp-content\/uploads\/2019\/12\/C4172-10.pdf\">PDF<\/a><\/p>\n\n\n\n<p><strong>SOCIAL MEDIA COMMENTS IN TRIANGLE OF BELONGING, IGNORANCE OF NARCISSISM<\/strong><\/p>\n\n\n\n<p><em>G\u00fcl Dilek T\u00dcRK<\/em><\/p>\n\n\n\n<p><a href=\"http:\/\/vrlab.aydin.edu.tr\/wp-content\/uploads\/2019\/12\/C4172-11.pdf\">PDF<\/a><\/p>\n\n\n\n<p><strong>TO EXAMINE THE TRANSFORMATION OF PERSONAL IMAGE MANAGEMENT IN THE CONTEXT OF BOURDIEU ON SOCIAL MEDIA<\/strong><\/p>\n\n\n\n<p><em>Hakan TAN<\/em><\/p>\n\n\n\n<p><a href=\"http:\/\/vrlab.aydin.edu.tr\/wp-content\/uploads\/2019\/12\/C4172-12.pdf\">PDF<\/a><\/p>\n\n\n\n<p><strong>TECHNOLOGY AND ACCREDITATION PROCESS IN EDUCATION OF COMMUNICATION<\/strong><\/p>\n\n\n\n<p><em>H\u00fclya YENG\u0130N&nbsp;<\/em><\/p>\n\n\n\n<p><a href=\"http:\/\/vrlab.aydin.edu.tr\/wp-content\/uploads\/2019\/12\/C4172-13.pdf\">PDF<\/a><\/p>\n\n\n\n<p><strong>THE EFFECT OF SOCIAL MEDIA ADVERTISEMENTS ON CONSUMPTION PERCEPTION OF ADOLESCENTS<\/strong><\/p>\n\n\n\n<p><em>H\u00fcseyin KAZAN, G\u00f6zde KARAMAN, Merve OKDEM\u0130R<\/em><\/p>\n\n\n\n<p><a href=\"http:\/\/vrlab.aydin.edu.tr\/wp-content\/uploads\/2019\/12\/C4172-14.pdf\">PDF<\/a><\/p>\n\n\n\n<p><strong>NEW MEDIA AND DIGITAL SURVEILLANCE REFLECTIONS<\/strong><\/p>\n\n\n\n<p><em>\u0130rem YENICELER, Hicran \u00d6zlem ILGIN<\/em><\/p>\n\n\n\n<p><a href=\"http:\/\/vrlab.aydin.edu.tr\/wp-content\/uploads\/2019\/12\/C4172-15.pdf\">PDF<\/a><\/p>\n\n\n\n<p><strong>NEW PRIVACY CONCEPT IN SOCIAL MEDIA IN DIGITAL SURVEILLANCE SOCIETY<\/strong><\/p>\n\n\n\n<p><em>Laman \u0130SMAY\u0130LZADA, \u00d6zge TOP\u00c7U&nbsp;<\/em><\/p>\n\n\n\n<p><a href=\"http:\/\/vrlab.aydin.edu.tr\/wp-content\/uploads\/2019\/12\/C4172-16.pdf\">PDF<\/a><\/p>\n\n\n\n<p><strong>ROBOT JOURNALIST OR HUMAN JOURNALIST?: AN ANALYSIS IS OVER NEWS ARTICLES<\/strong><\/p>\n\n\n\n<p><em>Naciye Beril EK\u015e\u0130O\u011eLU SARILAR<\/em><\/p>\n\n\n\n<p><a href=\"http:\/\/vrlab.aydin.edu.tr\/wp-content\/uploads\/2019\/12\/C4172-17.pdf\">PDF<\/a><\/p>\n\n\n\n<p><strong>PHOTOLURKING, AN EXAMPLE OF DIGITAL DISORDER WITHIN THE CONTEXT OF DIGITAL PRIVACY PHENOMENON IN TURKEY<\/strong><\/p>\n\n\n\n<p><em>Nur Emine KO\u00c7<\/em><\/p>\n\n\n\n<p><a href=\"http:\/\/vrlab.aydin.edu.tr\/wp-content\/uploads\/2019\/12\/C4172-18.pdf\">PDF<\/a><\/p>\n\n\n\n<p><strong>ONLINE FILM PLATFORMS AND THE FUTURE OF THE CINEMA<\/strong><\/p>\n\n\n\n<p><em>Okan ORMANLI<\/em><\/p>\n\n\n\n<p><a href=\"http:\/\/vrlab.aydin.edu.tr\/wp-content\/uploads\/2019\/12\/C4172-19.pdf\">PDF<\/a><\/p>\n\n\n\n<p><strong>PROTECTING THE RIGHTS IN WEB 2.0 WITH WEB 1.0 INSTRUMENTS OR SELF-DEFENSE<\/strong><\/p>\n\n\n\n<p><em>\u00d6mer Kahraman KURTO\u011eLU, \u0130hsan Emre EROL<\/em><\/p>\n\n\n\n<p><a href=\"http:\/\/vrlab.aydin.edu.tr\/wp-content\/uploads\/2019\/12\/C4172-20.pdf\">PDF<\/a><\/p>\n\n\n\n<p><strong>CONTRIBUTION OF DIGITALIZATION TO THE BRAND REGISTRY APPLICATIONS IN THE CONTEXT OF GLOBALIZATION<\/strong><\/p>\n\n\n\n<p><em>Sema G\u00dcM\u00dc\u015e<\/em><\/p>\n\n\n\n<p><a href=\"http:\/\/vrlab.aydin.edu.tr\/wp-content\/uploads\/2019\/12\/C4172-21.pdf\">PDF<\/a><\/p>\n\n\n\n<p><strong>COMPARISON OF THE ONLINE EDUCATION PLATFORMS, AND INNOVATIVE SOLUTION PROPOSALS<\/strong><\/p>\n\n\n\n<p><em>Serhat YILMAZ, \u0130hsan Emre EROL<\/em><\/p>\n\n\n\n<p><a href=\"http:\/\/vrlab.aydin.edu.tr\/wp-content\/uploads\/2019\/12\/C4172-22.pdf\">PDF<\/a><\/p>\n\n\n\n<p><strong>THE INNOVATION IN THE FORM OF CROWD-SOURCING THAT MODERN COMMUNICATION TECHNOLOGIES AND THE ONLINE INDIVIDUAL BROUGHT TO JOURNALISM PRACTICES<\/strong><\/p>\n\n\n\n<p><em>Serta\u00e7 KAYA<\/em><\/p>\n\n\n\n<p><a href=\"http:\/\/vrlab.aydin.edu.tr\/wp-content\/uploads\/2019\/12\/C4172-23.pdf\">PDF<\/a><\/p>\n\n\n\n<p><strong>THE TRANSFORMATION OF MARRIAGE RELATIONSHIP: DIGITAL SEXUALITY<\/strong><\/p>\n\n\n\n<p><em>S\u00fcmeyya OLCAY<\/em><\/p>\n\n\n\n<p><a href=\"http:\/\/vrlab.aydin.edu.tr\/wp-content\/uploads\/2019\/12\/C4172-24.pdf\">PDF<\/a><\/p>\n\n\n\n<p><strong>ANALYSIS OF THE USE OF VIRTUAL REALITY TECHNOLOGY IN GAMIFIED LEARNING<\/strong><\/p>\n\n\n\n<p><em>Deniz YENG\u0130N, Tamer BAYRAK&nbsp;<\/em><\/p>\n\n\n\n<p><a href=\"http:\/\/vrlab.aydin.edu.tr\/wp-content\/uploads\/2019\/12\/C4172-25.pdf\">PDF<\/a><em><\/em><\/p>\n\n\n\n<p><strong>THE EFFECT OF SOCIAL MEDIA MARKETING ACTIVITIES OF E-COMMERCE COMPANIES ON VOCATIONAL SCHOOL OF HIGHER EDUCATION STUDENTS<\/strong><\/p>\n\n\n\n<p><em>Tu\u011f\u00e7e \u00c7EV\u0130K<\/em><\/p>\n\n\n\n<p><a href=\"http:\/\/vrlab.aydin.edu.tr\/wp-content\/uploads\/2019\/12\/C4172-26.pdf\">PDF<\/a><\/p>\n\n\n\n<p><strong>DOI Numbers of Communication and Technology Congress<\/strong><\/p>\n\n\n\n<p><a href=\"http:\/\/vrlab.aydin.edu.tr\/wp-content\/uploads\/2019\/12\/CTC_DOI_2019.pdf\">CTC_DOI_2019<\/a><\/p>\n","protected":false},"excerpt":{"rendered":"<p>CONTENTS Communication and Technology Congress (10.7456\/ctc_2019) CTC2019 PREFACE Assoc. Prof. Dr. Deniz YENG\u0130N &nbsp;&nbsp;&nbsp;&nbsp;&nbsp; PDF [&hellip;]<\/p>\n","protected":false},"author":1,"featured_media":0,"parent":0,"menu_order":0,"comment_status":"closed","ping_status":"closed","template":"","meta":[],"_links":{"self":[{"href":"http:\/\/ctccongress.org\/index.php?rest_route=\/wp\/v2\/pages\/53"}],"collection":[{"href":"http:\/\/ctccongress.org\/index.php?rest_route=\/wp\/v2\/pages"}],"about":[{"href":"http:\/\/ctccongress.org\/index.php?rest_route=\/wp\/v2\/types\/page"}],"author":[{"embeddable":true,"href":"http:\/\/ctccongress.org\/index.php?rest_route=\/wp\/v2\/users\/1"}],"replies":[{"embeddable":true,"href":"http:\/\/ctccongress.org\/index.php?rest_route=%2Fwp%2Fv2%2Fcomments&post=53"}],"version-history":[{"count":4,"href":"http:\/\/ctccongress.org\/index.php?rest_route=\/wp\/v2\/pages\/53\/revisions"}],"predecessor-version":[{"id":116,"href":"http:\/\/ctccongress.org\/index.php?rest_route=\/wp\/v2\/pages\/53\/revisions\/116"}],"wp:attachment":[{"href":"http:\/\/ctccongress.org\/index.php?rest_route=%2Fwp%2Fv2%2Fmedia&parent=53"}],"curies":[{"name":"wp","href":"https:\/\/api.w.org\/{rel}","templated":true}]}}