{"id":82,"date":"2021-09-28T07:36:02","date_gmt":"2021-09-28T07:36:02","guid":{"rendered":"https:\/\/ctccongress.org\/?page_id=82"},"modified":"2021-09-28T07:44:34","modified_gmt":"2021-09-28T07:44:34","slug":"ctc2021","status":"publish","type":"page","link":"http:\/\/ctccongress.org\/?page_id=82","title":{"rendered":"CTC2021"},"content":{"rendered":"\n<p>The coronavirus, which emerged in Wuhan, China on December 1, 2019, spread all over the world in a short time. The pandemic was declared by the World Health Organization (WHO) on March 11, 2020. Humanity is going through a period called the new normal. Vaccination and drug studies are ongoing against this pandemic. In this period, different sectors have entered into period of transition. Particularly, education and communication sector are at the center of this transition. How were the communication processes shaped during the pandemic period? How did the innovations in the field of communication brought about transform societies by this period? How are convergent technologies (mobile, cloud technologies, robots, virtual reality\u2026) used today to control the pandemic and find vaccines or drugs?<\/p>\n\n\n\n<p>CTC 2021 will discuss the issues of technology, the transformation of society, digital participation, online education around the pandemic that shapes communication ecology. The theme of CTC 2021 is \u201ccommunication ecology in the age of COVID 19\u201d. Manuel Castells named the structure dominated by information and communication networks as informationalism\u201d, as for the society formed by this structure \u201cnetwork society\u201d. Digitalization quickly leads us in all areas of our daily life.<\/p>\n\n\n\n<p>The new normal no longer will be today\u2019s normal. At this point, all interrelated fields have to renew itself, otherwise, the person society, company, state, etc. who does not keep in step with the new world order, As Iris stated, they will not be able to continue their emperorship. It is essential to update each field within the discipline of communication, that is education or academic, and to produce new approaches. In this congress; With the pandemic, it is aimed to discuss the new approach, theory, practice and training pattern in \u201ccommunication ecology\u201d.<\/p>\n\n\n\n<figure class=\"wp-block-image size-large is-resized\"><img loading=\"lazy\" src=\"https:\/\/ctccongress.org\/wp-content\/uploads\/2021\/09\/Screen-Shot-2020-12-01-at-21.10.33-725x1024.png\" alt=\"\" class=\"wp-image-69\" width=\"383\" height=\"541\" srcset=\"http:\/\/ctccongress.org\/wp-content\/uploads\/2021\/09\/Screen-Shot-2020-12-01-at-21.10.33-725x1024.png 725w, http:\/\/ctccongress.org\/wp-content\/uploads\/2021\/09\/Screen-Shot-2020-12-01-at-21.10.33-212x300.png 212w, http:\/\/ctccongress.org\/wp-content\/uploads\/2021\/09\/Screen-Shot-2020-12-01-at-21.10.33-768x1085.png 768w, http:\/\/ctccongress.org\/wp-content\/uploads\/2021\/09\/Screen-Shot-2020-12-01-at-21.10.33.png 1032w\" sizes=\"(max-width: 383px) 100vw, 383px\" \/><\/figure>\n\n\n\n<h3><strong>Communication and Technology Congress<\/strong><\/h3>\n\n\n\n<p><strong>CHAIRMAN OF THE CONGRESS ORGANIZATION COMMITTEE<\/strong><\/p>\n\n\n\n<p>Prof.Dr. Yadigar \u0130zmirli, \u0130stanbul Ayd\u0131n University, Turkey<\/p>\n\n\n\n<p><strong>&nbsp;GENERAL COORDINATORS OF THE CONGRESS ORGANIZATION COMMITTEE<\/strong><\/p>\n\n\n\n<p>Prof.Dr. Deniz Yengin, \u0130stanbul Ayd\u0131n University, Turkey<\/p>\n\n\n\n<p>Assist.Prof.Dr. Deniz Akbulut, \u0130stanbul Ayd\u0131n University, Turkey<\/p>\n\n\n\n<p>Assist. Prof. Dr. Gonca Y\u0131ld\u0131r\u0131m, \u0130stanbul Ayd\u0131n University, Turkey<\/p>\n\n\n\n<p>Assist. Prof. Dr. Ay\u015feg\u00fcl Akayd\u0131n, \u0130stanbul Ayd\u0131n University, Turkey<\/p>\n\n\n\n<p>Assist. Prof. Dr. Tamer Bayrak, \u0130stanbul Ayd\u0131n University, Turkey<\/p>\n\n\n\n<p>Assist. Prof. Dr. Nur Emine Ko\u00e7, \u0130stanbul Ayd\u0131n University, Turkey<\/p>\n\n\n\n<p><strong>SCIENTIFIC COMMITTEE<\/strong><\/p>\n\n\n\n<p>Prof.Dr. Cem S\u00fct\u00e7\u00fc, Marmara University, Turkey<\/p>\n\n\n\n<p>Prof.Dr. Douglas Kellner, UCLA University, U.S.A<\/p>\n\n\n\n<p>Prof.Dr. H.Hale K\u00fcn\u00fc\u00e7en, Ba\u015fkent University, Turkey<\/p>\n\n\n\n<p>Prof. Dr. Hasan Akbulut, \u0130stanbul University, Turkey<\/p>\n\n\n\n<p>Prof. Dr. \u015e\u00fckr\u00fc Sim, \u0130stanbul University, Turkey<\/p>\n\n\n\n<p>Prof.Dr. Haluk G\u00fcrgen, Bah\u00e7e\u015fehir University, Turkey<\/p>\n\n\n\n<p>Prof.Dr. H\u00fclya Yengin, \u0130stanbul Ayd\u0131n University, Turkey<\/p>\n\n\n\n<p>Prof.Dr. Judith K. Litterst, St. Cloud State University, U.S.A.<\/p>\n\n\n\n<p>Prof.Dr. Korkmaz Alemdar, At\u0131l\u0131m University, Turkey<\/p>\n\n\n\n<p>Prof.Dr. Maxwell E. McCombs, University of Texas, U.S.A.<\/p>\n\n\n\n<p>Prof.Dr. Nazife G\u00fcng\u00f6r, \u00dcsk\u00fcdar University, Turkey<\/p>\n\n\n\n<p>Prof.Dr. \u00dcmit Atabek, Ya\u015far University, Turkey<\/p>\n\n\n\n<p>Prof. Dr. Ne\u015fe Kars, \u0130stanbul University, Turkey<\/p>\n\n\n\n<p>Prof.Dr. Zafer Ert\u00fcrk, Maltepe University, Turkey<\/p>\n\n\n\n<p>Prof.Dr. \u00d6zer Kanburo\u011flu, \u0130stanbul Ayd\u0131n University, Turkey<\/p>\n\n\n\n<p>Prof.Dr. Mehmet \u00dcst\u00fcnipek, \u0130stanbul K\u00fclt\u00fcr University, Turkey<\/p>\n\n\n\n<p>Prof. Dr. Nil\u00fcfer Timisi, \u0130stanbul University, Turkey<\/p>\n\n\n\n<p>Prof.Dr. Banu Manav, Kadir Has University, Turkey<\/p>\n\n\n\n<p>Prof. Dr. Aysel Aziz, \u0130stanbul Yeni Y\u00fczy\u0131l University, Turkey<\/p>\n\n\n\n<p>Prof. Dr. G\u00fcven B\u00fcy\u00fckbaykal, \u0130stanbul University, Turkey<\/p>\n\n\n\n<p>Prof. Dr. Re\u015fat Ba\u015far \u0130stanbul Ayd\u0131n University, Turkey<\/p>\n\n\n\n<p>Prof. Dr. Okan Ormanl\u0131, \u0130stanbul Ayd\u0131n University, Turkey<\/p>\n\n\n\n<p>Assoc. Prof. Dr. \u00c7i\u011fdem Aytekin, \u0130stanbul University, Turkey<\/p>\n\n\n\n<p>Assoc. Prof. Dr. And Alg\u00fcl, \u0130stanbul Ayd\u0131n University, Turkey<\/p>\n\n\n\n<p>Assist.Prof. Dr. G\u00f6kmen Hakan Karada\u011f, \u0130stanbul Ayd\u0131n University, Turkey<\/p>\n\n\n\n<p>Assist. Prof. Dr. Serdar Kuzey Y\u0131ld\u0131z, \u0130stanbul Ayd\u0131n University, Turkey<\/p>\n\n\n\n<p>Assist. Prof. Dr. Deniz Akbulut, \u0130stanbul Ayd\u0131n University, Turkey<\/p>\n\n\n\n<p>Assist. Prof. Dr. Tu\u011f\u00e7e \u00c7evik, \u0130stanbul Ayd\u0131nUniversity, Turkey<\/p>\n\n\n\n<p>Assist. Prof. Dr. Gonca Y\u0131ld\u0131r\u0131m, \u0130stanbul Ayd\u0131n University, Turkey<\/p>\n\n\n\n<p>Assist. Prof. Dr. M\u00fcge \u00d6ztun\u00e7, \u0130stanbul Ayd\u0131n University, Turkey<\/p>\n\n\n\n<p>Assist. Prof. Dr. Ayten \u00d6v\u00fcr, \u0130stanbul Ayd\u0131n University, Turkey<\/p>\n\n\n\n<p>Assist. Prof. Dr. Umur Bedir, \u0130stanbul Ayd\u0131n University, Turkey<\/p>\n\n\n\n<p>Assist. Prof. Dr. Selin Kiraz Demir, \u0130stanbul Ayd\u0131n University, Turkey<\/p>\n\n\n\n<p>Assist. Prof. Dr. Tamer Bayrak, \u0130stanbul Ayd\u0131n University, Turkey<\/p>\n\n\n\n<p>Assist. Prof. Dr. Nur Emine Ko\u00e7, \u0130stanbul Ayd\u0131n University, Turkey<\/p>\n\n\n\n<p><strong>LOCAL ORGANIZATION COMMITTEE<\/strong><\/p>\n\n\n\n<p>Assist.Prof.Dr. Ay\u015feg\u00fcl Akayd\u0131n, \u0130stanbul Ayd\u0131n University, Turkey<\/p>\n\n\n\n<p>Assist.Prof.Dr. Fatma Nazl\u0131 K\u00f6ksal, \u0130stanbul Ayd\u0131n University, Turkey<\/p>\n\n\n\n<p>Assist.Prof.Dr. Tamer Bayrak, \u0130stanbul Ayd\u0131n University, Turkey<\/p>\n\n\n\n<p>Assist. Prof.Dr. Serdar Kuzey Y\u0131ld\u0131z, \u0130stanbul Ayd\u0131n University, Turkey<\/p>\n\n\n\n<p>Assist. Prof.Dr. Nur Emine Ko\u00e7, \u0130stanbul Ayd\u0131n University, Turkey<\/p>\n\n\n\n<p>Res. Assist. Serta\u00e7 Kaya, \u0130stanbul Ayd\u0131n University, Turkey<\/p>\n\n\n\n<p>Res. Assist. Hatice \u00d6ks\u00fcz, \u0130stanbul Ayd\u0131n University, Turkey<\/p>\n\n\n\n<p>Elif Tuba Tezcan, \u0130stanbul Ayd\u0131n University, Turkey<\/p>\n\n\n\n<h3><\/h3>\n\n\n\n<h3><strong>Call For Papers<\/strong><\/h3>\n\n\n\n<p>CTC 2021 (Communication and Technology Congress) will take place&nbsp; April 12th-13th-14th 2021. The Congress will bring together academics and professionals coming from different fields to discuss their differing point of views on these questions related to \u201cCommunication\u201d while referring to \u201ctechnology\u201d. \u201c<strong>Communication ecology in the age of COVID-19<\/strong>\u201d is our theme in this Congress.<\/p>\n\n\n\n<p><strong>MAIN TOPICS OF CTC 2021<\/strong><\/p>\n\n\n\n<ul><li>Social Sciences (Digital Humantites, Communication Studies, Researches, Applied Studies\u2026etc)<\/li><li>New Media (Web 2.0, Web 3.0, Interactivity, Convergence, Virtuality, Social Media, Philosophy of Technology, Political Economy\u2026 etc.)<\/li><li>Digital Arts (Cinema, Video, Television, Photograph, Illustration, Kinetic, Graphics\u2026 etc.)<\/li><li>Digital Society (E-community, Electronic Culture, Surveillance Society, Network Society\u2026etc.)<\/li><li>Corporate Communication (Corporate Communication Management, Advertising, Public Relation, Marketing, Gamification, Sustainability\u2026 etc.)<\/li><li>Mass Communication (Television, Radio, Newspaper\u2026 etc.)<\/li><li>Communication Education (E-learning, Hybrid, Virtual, Blended, COVID-19)<\/li><\/ul>\n\n\n\n<p><strong>Language Of CTC<\/strong><\/p>\n\n\n\n<p>Turkish and English<\/p>\n\n\n\n<p><strong>Paper Guidelines<\/strong><\/p>\n\n\n\n<p><a href=\"http:\/\/vrlab.aydin.edu.tr\/wp-content\/uploads\/2019\/03\/MAKALE_TASLAK.doc\">SAMPLE_FORMAT<\/a><\/p>\n\n\n\n<h1>Important Dates<\/h1>\n\n\n\n<p><strong>Congress Dates:<\/strong>&nbsp;12-13-14 April 2021<\/p>\n\n\n\n<p><strong>Abstract submission deadline:<\/strong>&nbsp;12 February 2021<\/p>\n\n\n\n<p><strong>Registration :<\/strong>&nbsp;1-12 March 2021<\/p>\n\n\n\n<p><strong>Deadline for presentation:<\/strong>&nbsp;2 April 2021<\/p>\n\n\n\n<p><strong>Deadline for full paper submission:<\/strong>&nbsp;7 May 2021<\/p>\n\n\n\n<p><strong>CTC Venue<\/strong><\/p>\n\n\n\n<p>\u0130stanbul Ayd\u0131n University (ONLINE)<\/p>\n\n\n\n<h3><\/h3>\n\n\n\n<h3><strong>Contact CTC 2021<\/strong><\/h3>\n\n\n\n<p><strong>Coordinator<\/strong><\/p>\n\n\n\n<p>Assoc.Prof.Dr. Deniz YENG\u0130N<\/p>\n\n\n\n<p><a href=\"mailto:denizyengin@aydin.edu.tr\" target=\"_blank\" rel=\"noreferrer noopener\">denizyengin@aydin.edu.tr&nbsp;<\/a><\/p>\n\n\n\n<p><strong>Associate Coordinators<\/strong><\/p>\n\n\n\n<p>Assist.Prof.Dr. Ay\u015feg\u00fcl Akayd\u0131n Ayd\u0131n<\/p>\n\n\n\n<p><a href=\"mailto:aakaydinaydin@aydin.edu.tr\">aakaydinaydin@aydin.edu.tr<\/a><\/p>\n\n\n\n<p>Assist.Prof.Dr. Tamer BAYRAK<\/p>\n\n\n\n<p><a href=\"mailto:tbayrak@aydin.edu.tr\" target=\"_blank\" rel=\"noreferrer noopener\">tbayrak@aydin.edu.tr<\/a><\/p>\n\n\n\n<p>Res. Assist. Serta\u00e7 Kaya<\/p>\n\n\n\n<p><a href=\"mailto:sertackaya1@aydin.edu.tr\">sertackaya1@aydin.edu.tr<\/a><\/p>\n\n\n\n<p>Link:&nbsp;<a href=\"https:\/\/ctccongress.org\">https:\/\/ctccongress.org<\/a><\/p>\n","protected":false},"excerpt":{"rendered":"<p>The coronavirus, which emerged in Wuhan, China on December 1, 2019, spread all over the [&hellip;]<\/p>\n","protected":false},"author":1,"featured_media":0,"parent":0,"menu_order":0,"comment_status":"closed","ping_status":"closed","template":"","meta":[],"_links":{"self":[{"href":"http:\/\/ctccongress.org\/index.php?rest_route=\/wp\/v2\/pages\/82"}],"collection":[{"href":"http:\/\/ctccongress.org\/index.php?rest_route=\/wp\/v2\/pages"}],"about":[{"href":"http:\/\/ctccongress.org\/index.php?rest_route=\/wp\/v2\/types\/page"}],"author":[{"embeddable":true,"href":"http:\/\/ctccongress.org\/index.php?rest_route=\/wp\/v2\/users\/1"}],"replies":[{"embeddable":true,"href":"http:\/\/ctccongress.org\/index.php?rest_route=%2Fwp%2Fv2%2Fcomments&post=82"}],"version-history":[{"count":2,"href":"http:\/\/ctccongress.org\/index.php?rest_route=\/wp\/v2\/pages\/82\/revisions"}],"predecessor-version":[{"id":94,"href":"http:\/\/ctccongress.org\/index.php?rest_route=\/wp\/v2\/pages\/82\/revisions\/94"}],"wp:attachment":[{"href":"http:\/\/ctccongress.org\/index.php?rest_route=%2Fwp%2Fv2%2Fmedia&parent=82"}],"curies":[{"name":"wp","href":"https:\/\/api.w.org\/{rel}","templated":true}]}}